{"id":1870,"date":"2025-09-28T21:08:41","date_gmt":"2025-09-28T21:08:41","guid":{"rendered":"https:\/\/www.cilico.ru\/?page_id=1870"},"modified":"2025-09-28T21:08:41","modified_gmt":"2025-09-28T21:08:41","slug":"%d1%81%d0%ba%d0%b8%d0%b4%d0%ba%d0%b8-2","status":"publish","type":"page","link":"https:\/\/www.cilico.ru\/ru\/indirimler-2\/","title":{"rendered":"\u0417\u0430\u0433\u0440\u0443\u0437\u043a\u0438 2"},"content":{"rendered":"<div data-elementor-type=\"wp-page\" data-elementor-id=\"1870\" class=\"elementor elementor-1870\">\n\t\t\t\t<div class=\"elementor-element elementor-element-962e0c1 e-con-full e-flex wpr-particle-no wpr-jarallax-no wpr-parallax-no wpr-sticky-section-no wpr-equal-height-no e-con e-parent\" data-id=\"962e0c1\" data-element_type=\"container\" data-e-type=\"container\" data-settings=\"{&quot;background_background&quot;:&quot;classic&quot;,&quot;ekit_has_onepagescroll_dot&quot;:&quot;yes&quot;}\">\n\t\t\t\t<\/div>\n\t\t<div class=\"elementor-element elementor-element-41ed828 e-flex e-con-boxed wpr-particle-no wpr-jarallax-no wpr-parallax-no wpr-sticky-section-no wpr-equal-height-no e-con e-parent\" data-id=\"41ed828\" data-element_type=\"container\" data-e-type=\"container\" data-settings=\"{&quot;ekit_has_onepagescroll_dot&quot;:&quot;yes&quot;}\">\n\t\t\t\t\t<div class=\"e-con-inner\">\n\t\t\t\t<div class=\"elementor-element elementor-element-16f4960 elementor-widget elementor-widget-button\" data-id=\"16f4960\" data-element_type=\"widget\" data-e-type=\"widget\" data-settings=\"{&quot;ekit_we_effect_on&quot;:&quot;none&quot;}\" data-widget_type=\"button.default\">\n\t\t\t\t\t\t\t\t\t\t<a class=\"elementor-button elementor-button-link elementor-size-sm\" href=\"https:\/\/www.cilico.ru\/ru\/?page_id=905\">\n\t\t\t\t\t\t<span class=\"elementor-button-content-wrapper\">\n\t\t\t\t\t\t\t\t\t<span class=\"elementor-button-text\">\u041e\u0431\u0441\u043b\u0443\u0436\u0438\u0432\u0430\u043d\u0438\u0435 \u043a\u043b\u0438\u0435\u043d\u0442\u043e\u0432<\/span>\n\t\t\t\t\t<\/span>\n\t\t\t\t\t<\/a>\n\t\t\t\t\t\t\t\t<\/div>\n\t\t\t\t<div class=\"elementor-element elementor-element-e5634f6 elementor-widget elementor-widget-button\" data-id=\"e5634f6\" data-element_type=\"widget\" data-e-type=\"widget\" data-settings=\"{&quot;ekit_we_effect_on&quot;:&quot;none&quot;}\" data-widget_type=\"button.default\">\n\t\t\t\t\t\t\t\t\t\t<a class=\"elementor-button elementor-button-link elementor-size-sm\" href=\"https:\/\/www.cilico.ru\/ru\/?page_id=1843\">\n\t\t\t\t\t\t<span class=\"elementor-button-content-wrapper\">\n\t\t\t\t\t\t\t\t\t<span class=\"elementor-button-text\">\u041c\u0430\u0442\u0435\u0440\u0438\u0430\u043b\u044b \u0434\u043b\u044f \u0441\u043a\u0430\u0447\u0438\u0432\u0430\u043d\u0438\u044f<\/span>\n\t\t\t\t\t<\/span>\n\t\t\t\t\t<\/a>\n\t\t\t\t\t\t\t\t<\/div>\n\t\t\t\t\t<\/div>\n\t\t\t\t<\/div>\n\t\t<div class=\"elementor-element elementor-element-96ad135 e-con-full e-flex wpr-particle-no wpr-jarallax-no wpr-parallax-no wpr-sticky-section-no wpr-equal-height-no e-con e-parent\" data-id=\"96ad135\" data-element_type=\"container\" data-e-type=\"container\" data-settings=\"{&quot;ekit_has_onepagescroll_dot&quot;:&quot;yes&quot;}\">\n\t\t<div class=\"elementor-element elementor-element-a3358e1 e-con-full e-flex wpr-particle-no wpr-jarallax-no wpr-parallax-no wpr-sticky-section-no wpr-equal-height-no e-con e-child\" data-id=\"a3358e1\" data-element_type=\"container\" data-e-type=\"container\" data-settings=\"{&quot;background_background&quot;:&quot;classic&quot;,&quot;ekit_has_onepagescroll_dot&quot;:&quot;yes&quot;}\">\n\t\t\t\t<div class=\"elementor-element elementor-element-8814177 elementor-position-left elementor-vertical-align-middle elementor-widget elementor-widget-image-box\" data-id=\"8814177\" data-element_type=\"widget\" data-e-type=\"widget\" data-settings=\"{&quot;ekit_we_effect_on&quot;:&quot;none&quot;}\" data-widget_type=\"image-box.default\">\n\t\t\t\t\t<div class=\"elementor-image-box-wrapper\"><figure class=\"elementor-image-box-img\"><a href=\"https:\/\/www.cilico.ru\/wp-content\/uploads\/2025\/09\/C7X-Tablet_Datasheet-3.pdf\" tabindex=\"-1\"><img decoding=\"async\" width=\"42\" height=\"47\" src=\"https:\/\/www.cilico.ru\/wp-content\/uploads\/2025\/09\/Ekran-goruntusu-2025-09-28-233850.png\" class=\"attachment-full size-full wp-image-1845\" alt=\"\" \/><\/a><\/figure><div class=\"elementor-image-box-content\"><h4 class=\"elementor-image-box-title\"><a href=\"https:\/\/www.cilico.ru\/wp-content\/uploads\/2025\/09\/C7X-Tablet_Datasheet-3.pdf\">C7X Tablet_Datasheet<\/a><\/h4><\/div><\/div>\t\t\t\t<\/div>\n\t\t\t\t<\/div>\n\t\t<div class=\"elementor-element elementor-element-8594b08 e-con-full e-flex wpr-particle-no wpr-jarallax-no wpr-parallax-no wpr-sticky-section-no wpr-equal-height-no e-con e-child\" data-id=\"8594b08\" data-element_type=\"container\" data-e-type=\"container\" data-settings=\"{&quot;background_background&quot;:&quot;classic&quot;,&quot;ekit_has_onepagescroll_dot&quot;:&quot;yes&quot;}\">\n\t\t\t\t<div class=\"elementor-element elementor-element-b5e7e13 elementor-position-left elementor-vertical-align-middle elementor-widget elementor-widget-image-box\" data-id=\"b5e7e13\" data-element_type=\"widget\" data-e-type=\"widget\" data-settings=\"{&quot;ekit_we_effect_on&quot;:&quot;none&quot;}\" data-widget_type=\"image-box.default\">\n\t\t\t\t\t<div class=\"elementor-image-box-wrapper\"><figure class=\"elementor-image-box-img\"><a href=\"https:\/\/www.cilico.ru\/wp-content\/uploads\/2025\/09\/C6-Mobil-El-Terminali_Datasheet-1_compressed.pdf\" tabindex=\"-1\"><img decoding=\"async\" width=\"42\" height=\"47\" src=\"https:\/\/www.cilico.ru\/wp-content\/uploads\/2025\/09\/Ekran-goruntusu-2025-09-28-233850.png\" class=\"attachment-full size-full wp-image-1845\" alt=\"\" \/><\/a><\/figure><div class=\"elementor-image-box-content\"><h4 class=\"elementor-image-box-title\"><a href=\"https:\/\/www.cilico.ru\/wp-content\/uploads\/2025\/09\/C6-Mobil-El-Terminali_Datasheet-1_compressed.pdf\">C6 \u041c\u043e\u0431\u0438\u043b\u044c\u043d\u044b\u0439 \u043f\u043e\u0440\u0442\u0430\u0442\u0438\u0432\u043d\u044b\u0439 \u0442\u0435\u0440\u043c\u0438\u043d\u0430\u043b_\u041e\u0431\u0449\u0430\u044f \u0438\u043d\u0444\u043e\u0440\u043c\u0430\u0446\u0438\u044f<\/a><\/h4><\/div><\/div>\t\t\t\t<\/div>\n\t\t\t\t<\/div>\n\t\t\t\t<\/div>\n\t\t<div class=\"elementor-element elementor-element-a148190 e-con-full e-flex wpr-particle-no wpr-jarallax-no wpr-parallax-no wpr-sticky-section-no wpr-equal-height-no e-con e-parent\" data-id=\"a148190\" data-element_type=\"container\" data-e-type=\"container\" data-settings=\"{&quot;ekit_has_onepagescroll_dot&quot;:&quot;yes&quot;}\">\n\t\t<div class=\"elementor-element elementor-element-634e538 e-con-full e-flex wpr-particle-no wpr-jarallax-no wpr-parallax-no wpr-sticky-section-no wpr-equal-height-no e-con e-child\" data-id=\"634e538\" data-element_type=\"container\" data-e-type=\"container\" data-settings=\"{&quot;background_background&quot;:&quot;classic&quot;,&quot;ekit_has_onepagescroll_dot&quot;:&quot;yes&quot;}\">\n\t\t\t\t<div class=\"elementor-element elementor-element-0b31f19 elementor-position-left elementor-vertical-align-middle elementor-widget elementor-widget-image-box\" data-id=\"0b31f19\" data-element_type=\"widget\" data-e-type=\"widget\" data-settings=\"{&quot;ekit_we_effect_on&quot;:&quot;none&quot;}\" data-widget_type=\"image-box.default\">\n\t\t\t\t\t<div class=\"elementor-image-box-wrapper\"><figure class=\"elementor-image-box-img\"><a href=\"https:\/\/www.cilico.ru\/wp-content\/uploads\/2025\/09\/C6HC-Mobil-El-Terminali_Datasheet-1_compressed.pdf\" tabindex=\"-1\"><img decoding=\"async\" width=\"42\" height=\"47\" src=\"https:\/\/www.cilico.ru\/wp-content\/uploads\/2025\/09\/Ekran-goruntusu-2025-09-28-233850.png\" class=\"attachment-full size-full wp-image-1845\" alt=\"\" \/><\/a><\/figure><div class=\"elementor-image-box-content\"><h4 class=\"elementor-image-box-title\"><a href=\"https:\/\/www.cilico.ru\/wp-content\/uploads\/2025\/09\/C6HC-Mobil-El-Terminali_Datasheet-1_compressed.pdf\">\u041c\u043e\u0431\u0438\u043b\u044c\u043d\u044b\u0439 \u043f\u043e\u0440\u0442\u0430\u0442\u0438\u0432\u043d\u044b\u0439 \u0442\u0435\u0440\u043c\u0438\u043d\u0430\u043b C6HC_Datasheet <\/a><\/h4><\/div><\/div>\t\t\t\t<\/div>\n\t\t\t\t<\/div>\n\t\t<div class=\"elementor-element elementor-element-5547807 e-con-full e-flex wpr-particle-no wpr-jarallax-no wpr-parallax-no wpr-sticky-section-no wpr-equal-height-no e-con e-child\" data-id=\"5547807\" data-element_type=\"container\" data-e-type=\"container\" data-settings=\"{&quot;background_background&quot;:&quot;classic&quot;,&quot;ekit_has_onepagescroll_dot&quot;:&quot;yes&quot;}\">\n\t\t\t\t<\/div>\n\t\t\t\t<\/div>\n\t\t<div class=\"elementor-element elementor-element-d13f69e e-flex e-con-boxed wpr-particle-no wpr-jarallax-no wpr-parallax-no wpr-sticky-section-no wpr-equal-height-no e-con e-parent\" data-id=\"d13f69e\" data-element_type=\"container\" data-e-type=\"container\" data-settings=\"{&quot;ekit_has_onepagescroll_dot&quot;:&quot;yes&quot;}\">\n\t\t\t\t\t<div class=\"e-con-inner\">\n\t\t\t\t<div class=\"elementor-element elementor-element-8af6db6 elementor-widget elementor-widget-button\" data-id=\"8af6db6\" data-element_type=\"widget\" data-e-type=\"widget\" data-settings=\"{&quot;ekit_we_effect_on&quot;:&quot;none&quot;}\" data-widget_type=\"button.default\">\n\t\t\t\t\t\t\t\t\t\t<a class=\"elementor-button elementor-button-link elementor-size-sm\" href=\"https:\/\/www.cilico.ru\/ru\/?page_id=1843\">\n\t\t\t\t\t\t<span class=\"elementor-button-content-wrapper\">\n\t\t\t\t\t\t\t\t\t<span class=\"elementor-button-text\">1<\/span>\n\t\t\t\t\t<\/span>\n\t\t\t\t\t<\/a>\n\t\t\t\t\t\t\t\t<\/div>\n\t\t\t\t<div class=\"elementor-element elementor-element-73e89c6 elementor-widget elementor-widget-button\" data-id=\"73e89c6\" data-element_type=\"widget\" data-e-type=\"widget\" data-settings=\"{&quot;ekit_we_effect_on&quot;:&quot;none&quot;}\" data-widget_type=\"button.default\">\n\t\t\t\t\t\t\t\t\t\t<a class=\"elementor-button elementor-button-link elementor-size-sm\" href=\"#\">\n\t\t\t\t\t\t<span class=\"elementor-button-content-wrapper\">\n\t\t\t\t\t\t\t\t\t<span class=\"elementor-button-text\">2<\/span>\n\t\t\t\t\t<\/span>\n\t\t\t\t\t<\/a>\n\t\t\t\t\t\t\t\t<\/div>\n\t\t\t\t\t<\/div>\n\t\t\t\t<\/div>\n\t\t\t\t<\/div>","protected":false},"excerpt":{"rendered":"<p>\u041e\u0431\u0441\u043b\u0443\u0436\u0438\u0432\u0430\u043d\u0438\u0435 \u043a\u043b\u0438\u0435\u043d\u0442\u043e\u0432 \u0421\u043a\u0438\u0434\u043a\u0438 \u041f\u043b\u0430\u043d\u0448\u0435\u0442 C7X_\u0414\u0430\u043d\u043d\u044b\u0439 \u043b\u0438\u0441\u0442 C6 \u041c\u043e\u0431\u0438\u043b\u044c\u043d\u044b\u0439 \u043f\u043e\u0440\u0442\u0430\u0442\u0438\u0432\u043d\u044b\u0439 \u0442\u0435\u0440\u043c\u0438\u043d\u0430\u043b_\u0414\u0430\u043d\u043d\u044b\u0439 \u043b\u0438\u0441\u0442 C6HC \u041c\u043e\u0431\u0438\u043b\u044c\u043d\u044b\u0439 \u043f\u043e\u0440\u0442\u0430\u0442\u0438\u0432\u043d\u044b\u0439 \u0442\u0435\u0440\u043c\u0438\u043d\u0430\u043b_\u0414\u0430\u043d\u043d\u044b\u0439 \u043b\u0438\u0441\u0442 1 2<\/p>","protected":false},"author":1,"featured_media":0,"parent":0,"menu_order":0,"comment_status":"closed","ping_status":"closed","template":"elementor_canvas","meta":{"footnotes":""},"class_list":["post-1870","page","type-page","status-publish","hentry"],"yoast_head":"<!-- This site is optimized with the Yoast SEO plugin v27.4 - https:\/\/yoast.com\/product\/yoast-seo-wordpress\/ -->\n<title>\u0130ndirmeler 2 - CILICO | El Terminali, Mobil Bilgisayar Uzman\u0131 | CILICO<\/title>\n<meta name=\"robots\" content=\"index, follow, max-snippet:-1, max-image-preview:large, max-video-preview:-1\" \/>\n<link rel=\"canonical\" href=\"https:\/\/www.cilico.ru\/ru\/\u0441\u043a\u0438\u0434\u043a\u0438-2\/\" \/>\n<meta property=\"og:locale\" content=\"ru_RU\" \/>\n<meta property=\"og:type\" content=\"article\" \/>\n<meta property=\"og:title\" content=\"\u0130ndirmeler 2 - CILICO | El Terminali, Mobil Bilgisayar Uzman\u0131 | CILICO\" \/>\n<meta property=\"og:description\" content=\"M\u00fc\u015fteri Hizmetleri \u0130ndirimler C7X Tablet_Datasheet C6 Mobil El Terminali_Datasheet C6HC Mobil El Terminali_Datasheet 1 2\" \/>\n<meta property=\"og:url\" content=\"https:\/\/www.cilico.ru\/ru\/\u0441\u043a\u0438\u0434\u043a\u0438-2\/\" \/>\n<meta property=\"og:site_name\" content=\"CILICO | El Terminali, Mobil Bilgisayar Uzman\u0131 | CILICO\" \/>\n<meta property=\"og:image\" content=\"https:\/\/cilicoweb-wordpress.cloud.solucharger.com\/wp-content\/uploads\/2025\/09\/Ekran-goruntusu-2025-09-28-233850.png\" \/>\n<meta name=\"twitter:card\" content=\"summary_large_image\" \/>\n<script type=\"application\/ld+json\" class=\"yoast-schema-graph\">{\"@context\":\"https:\\\/\\\/schema.org\",\"@graph\":[{\"@type\":\"WebPage\",\"@id\":\"https:\\\/\\\/www.cilico.ru\\\/indirimler-2\\\/\",\"url\":\"https:\\\/\\\/www.cilico.ru\\\/indirimler-2\\\/\",\"name\":\"\u0130ndirmeler 2 - CILICO | El Terminali, Mobil Bilgisayar Uzman\u0131 | CILICO\",\"isPartOf\":{\"@id\":\"https:\\\/\\\/www.cilico.ru\\\/#website\"},\"primaryImageOfPage\":{\"@id\":\"https:\\\/\\\/www.cilico.ru\\\/indirimler-2\\\/#primaryimage\"},\"image\":{\"@id\":\"https:\\\/\\\/www.cilico.ru\\\/indirimler-2\\\/#primaryimage\"},\"thumbnailUrl\":\"https:\\\/\\\/cilicoweb-wordpress.cloud.solucharger.com\\\/wp-content\\\/uploads\\\/2025\\\/09\\\/Ekran-goruntusu-2025-09-28-233850.png\",\"datePublished\":\"2025-09-28T21:08:41+00:00\",\"breadcrumb\":{\"@id\":\"https:\\\/\\\/www.cilico.ru\\\/indirimler-2\\\/#breadcrumb\"},\"inLanguage\":\"ru-RU\",\"potentialAction\":[{\"@type\":\"ReadAction\",\"target\":[\"https:\\\/\\\/www.cilico.ru\\\/indirimler-2\\\/\"]}]},{\"@type\":\"ImageObject\",\"inLanguage\":\"ru-RU\",\"@id\":\"https:\\\/\\\/www.cilico.ru\\\/indirimler-2\\\/#primaryimage\",\"url\":\"https:\\\/\\\/cilicoweb-wordpress.cloud.solucharger.com\\\/wp-content\\\/uploads\\\/2025\\\/09\\\/Ekran-goruntusu-2025-09-28-233850.png\",\"contentUrl\":\"https:\\\/\\\/cilicoweb-wordpress.cloud.solucharger.com\\\/wp-content\\\/uploads\\\/2025\\\/09\\\/Ekran-goruntusu-2025-09-28-233850.png\"},{\"@type\":\"BreadcrumbList\",\"@id\":\"https:\\\/\\\/www.cilico.ru\\\/indirimler-2\\\/#breadcrumb\",\"itemListElement\":[{\"@type\":\"ListItem\",\"position\":1,\"name\":\"Anasayfa\",\"item\":\"https:\\\/\\\/www.cilico.ru\\\/\"},{\"@type\":\"ListItem\",\"position\":2,\"name\":\"\u0130ndirmeler 2\"}]},{\"@type\":\"WebSite\",\"@id\":\"https:\\\/\\\/www.cilico.ru\\\/#website\",\"url\":\"https:\\\/\\\/www.cilico.ru\\\/\",\"name\":\"CILICO | El Terminali, Mobil Bilgisayar Uzman\u0131 | CILICO\",\"description\":\"\",\"publisher\":{\"@id\":\"https:\\\/\\\/www.cilico.ru\\\/#organization\"},\"potentialAction\":[{\"@type\":\"SearchAction\",\"target\":{\"@type\":\"EntryPoint\",\"urlTemplate\":\"https:\\\/\\\/www.cilico.ru\\\/?s={search_term_string}\"},\"query-input\":{\"@type\":\"PropertyValueSpecification\",\"valueRequired\":true,\"valueName\":\"search_term_string\"}}],\"inLanguage\":\"ru-RU\"},{\"@type\":\"Organization\",\"@id\":\"https:\\\/\\\/www.cilico.ru\\\/#organization\",\"name\":\"CILICO | \u0421\u043f\u0435\u0446\u0438\u0430\u043b\u0438\u0441\u0442 \u043f\u043e \u043f\u043e\u0440\u0442\u0430\u0442\u0438\u0432\u043d\u044b\u043c \u0442\u0435\u0440\u043c\u0438\u043d\u0430\u043b\u0430\u043c, \u043c\u043e\u0431\u0438\u043b\u044c\u043d\u044b\u043c \u043a\u043e\u043c\u043f\u044c\u044e\u0442\u0435\u0440\u0430\u043c | CILICO Productivity and Performance\",\"url\":\"https:\\\/\\\/www.cilico.ru\\\/\",\"logo\":{\"@type\":\"ImageObject\",\"inLanguage\":\"ru-RU\",\"@id\":\"https:\\\/\\\/www.cilico.ru\\\/#\\\/schema\\\/logo\\\/image\\\/\",\"url\":\"https:\\\/\\\/www.cilico.ru\\\/wp-content\\\/uploads\\\/2025\\\/09\\\/cropped-ico.fw_.png\",\"contentUrl\":\"https:\\\/\\\/www.cilico.ru\\\/wp-content\\\/uploads\\\/2025\\\/09\\\/cropped-ico.fw_.png\",\"width\":512,\"height\":512,\"caption\":\"CILICO | \u0421\u043f\u0435\u0446\u0438\u0430\u043b\u0438\u0441\u0442 \u043f\u043e \u043f\u043e\u0440\u0442\u0430\u0442\u0438\u0432\u043d\u044b\u043c \u0442\u0435\u0440\u043c\u0438\u043d\u0430\u043b\u0430\u043c, \u043c\u043e\u0431\u0438\u043b\u044c\u043d\u044b\u043c \u043a\u043e\u043c\u043f\u044c\u044e\u0442\u0435\u0440\u0430\u043c | CILICO Productivity and Performance\"},\"image\":{\"@id\":\"https:\\\/\\\/www.cilico.ru\\\/#\\\/schema\\\/logo\\\/image\\\/\"}}]}<\/script>\n<!-- \/ Yoast SEO plugin. -->","yoast_head_json":{"title":"\u0417\u0430\u0433\u0440\u0443\u0437\u043a\u0438 2 - CILICO | \u041f\u043e\u0440\u0442\u0430\u0442\u0438\u0432\u043d\u044b\u0439 \u0442\u0435\u0440\u043c\u0438\u043d\u0430\u043b, \u0441\u043f\u0435\u0446\u0438\u0430\u043b\u0438\u0441\u0442 \u043f\u043e \u043c\u043e\u0431\u0438\u043b\u044c\u043d\u044b\u043c \u043a\u043e\u043c\u043f\u044c\u044e\u0442\u0435\u0440\u0430\u043c | CILICO","robots":{"index":"index","follow":"follow","max-snippet":"max-snippet:-1","max-image-preview":"max-image-preview:large","max-video-preview":"max-video-preview:-1"},"canonical":"https:\/\/www.cilico.ru\/ru\/\u0441\u043a\u0438\u0434\u043a\u0438-2\/","og_locale":"ru_RU","og_type":"article","og_title":"\u0130ndirmeler 2 - CILICO | El Terminali, Mobil Bilgisayar Uzman\u0131 | CILICO","og_description":"M\u00fc\u015fteri Hizmetleri \u0130ndirimler C7X Tablet_Datasheet C6 Mobil El Terminali_Datasheet C6HC Mobil El Terminali_Datasheet 1 2","og_url":"https:\/\/www.cilico.ru\/ru\/\u0441\u043a\u0438\u0434\u043a\u0438-2\/","og_site_name":"CILICO | El Terminali, Mobil Bilgisayar Uzman\u0131 | CILICO","og_image":[{"url":"https:\/\/cilicoweb-wordpress.cloud.solucharger.com\/wp-content\/uploads\/2025\/09\/Ekran-goruntusu-2025-09-28-233850.png","type":"","width":"","height":""}],"twitter_card":"summary_large_image","schema":{"@context":"https:\/\/schema.org","@graph":[{"@type":"WebPage","@id":"https:\/\/www.cilico.ru\/indirimler-2\/","url":"https:\/\/www.cilico.ru\/indirimler-2\/","name":"\u0417\u0430\u0433\u0440\u0443\u0437\u043a\u0438 2 - CILICO | \u041f\u043e\u0440\u0442\u0430\u0442\u0438\u0432\u043d\u044b\u0439 \u0442\u0435\u0440\u043c\u0438\u043d\u0430\u043b, \u0441\u043f\u0435\u0446\u0438\u0430\u043b\u0438\u0441\u0442 \u043f\u043e \u043c\u043e\u0431\u0438\u043b\u044c\u043d\u044b\u043c \u043a\u043e\u043c\u043f\u044c\u044e\u0442\u0435\u0440\u0430\u043c | CILICO","isPartOf":{"@id":"https:\/\/www.cilico.ru\/#website"},"primaryImageOfPage":{"@id":"https:\/\/www.cilico.ru\/indirimler-2\/#primaryimage"},"image":{"@id":"https:\/\/www.cilico.ru\/indirimler-2\/#primaryimage"},"thumbnailUrl":"https:\/\/cilicoweb-wordpress.cloud.solucharger.com\/wp-content\/uploads\/2025\/09\/Ekran-goruntusu-2025-09-28-233850.png","datePublished":"2025-09-28T21:08:41+00:00","breadcrumb":{"@id":"https:\/\/www.cilico.ru\/indirimler-2\/#breadcrumb"},"inLanguage":"ru-RU","potentialAction":[{"@type":"ReadAction","target":["https:\/\/www.cilico.ru\/indirimler-2\/"]}]},{"@type":"ImageObject","inLanguage":"ru-RU","@id":"https:\/\/www.cilico.ru\/indirimler-2\/#primaryimage","url":"https:\/\/cilicoweb-wordpress.cloud.solucharger.com\/wp-content\/uploads\/2025\/09\/Ekran-goruntusu-2025-09-28-233850.png","contentUrl":"https:\/\/cilicoweb-wordpress.cloud.solucharger.com\/wp-content\/uploads\/2025\/09\/Ekran-goruntusu-2025-09-28-233850.png"},{"@type":"BreadcrumbList","@id":"https:\/\/www.cilico.ru\/indirimler-2\/#breadcrumb","itemListElement":[{"@type":"ListItem","position":1,"name":"Anasayfa","item":"https:\/\/www.cilico.ru\/"},{"@type":"ListItem","position":2,"name":"\u0130ndirmeler 2"}]},{"@type":"WebSite","@id":"https:\/\/www.cilico.ru\/#website","url":"https:\/\/www.cilico.ru\/","name":"CILICO | \u0421\u043f\u0435\u0446\u0438\u0430\u043b\u0438\u0441\u0442 \u043f\u043e \u043f\u043e\u0440\u0442\u0430\u0442\u0438\u0432\u043d\u044b\u043c \u0442\u0435\u0440\u043c\u0438\u043d\u0430\u043b\u0430\u043c, \u043c\u043e\u0431\u0438\u043b\u044c\u043d\u044b\u043c \u043a\u043e\u043c\u043f\u044c\u044e\u0442\u0435\u0440\u0430\u043c | CILICO","description":"","publisher":{"@id":"https:\/\/www.cilico.ru\/#organization"},"potentialAction":[{"@type":"SearchAction","target":{"@type":"EntryPoint","urlTemplate":"https:\/\/www.cilico.ru\/?s={search_term_string}"},"query-input":{"@type":"PropertyValueSpecification","valueRequired":true,"valueName":"search_term_string"}}],"inLanguage":"ru-RU"},{"@type":"Organization","@id":"https:\/\/www.cilico.ru\/#organization","name":"CILICO | Spe\u0446\u0438\u0430\u043b\u0438\u0441\u0442 \u043f\u043e \u043f\u043e\u0440\u0442\u0430\u0442\u0438\u0432\u043d\u044b\u043c \u0442\u0435\u0440\u043c\u0438\u043d\u0430\u043b\u0430\u043c, \u043c\u043e\u0431\u0438\u043b\u044c\u043d\u044b\u043c \u043a\u043e\u043c\u043f\u044c\u044e\u0442\u0435\u0440\u0430\u043c | CILICO Productivity and Performance","url":"https:\/\/www.cilico.ru\/","logo":{"@type":"ImageObject","inLanguage":"ru-RU","@id":"https:\/\/www.cilico.ru\/#\/schema\/logo\/image\/","url":"https:\/\/www.cilico.ru\/wp-content\/uploads\/2025\/09\/cropped-ico.fw_.png","contentUrl":"https:\/\/www.cilico.ru\/wp-content\/uploads\/2025\/09\/cropped-ico.fw_.png","width":512,"height":512,"caption":"CILICO | \u0421\u043f\u0435\u0446\u0438\u0430\u043b\u0438\u0441\u0442 \u043f\u043e \u043f\u043e\u0440\u0442\u0430\u0442\u0438\u0432\u043d\u044b\u043c \u0442\u0435\u0440\u043c\u0438\u043d\u0430\u043b\u0430\u043c, \u043c\u043e\u0431\u0438\u043b\u044c\u043d\u044b\u043c \u043a\u043e\u043c\u043f\u044c\u044e\u0442\u0435\u0440\u0430\u043c | CILICO Productivity and Performance"},"image":{"@id":"https:\/\/www.cilico.ru\/#\/schema\/logo\/image\/"}}]}},"_links":{"self":[{"href":"https:\/\/www.cilico.ru\/ru\/wp-json\/wp\/v2\/pages\/1870","targetHints":{"allow":["GET"]}}],"collection":[{"href":"https:\/\/www.cilico.ru\/ru\/wp-json\/wp\/v2\/pages"}],"about":[{"href":"https:\/\/www.cilico.ru\/ru\/wp-json\/wp\/v2\/types\/page"}],"author":[{"embeddable":true,"href":"https:\/\/www.cilico.ru\/ru\/wp-json\/wp\/v2\/users\/1"}],"replies":[{"embeddable":true,"href":"https:\/\/www.cilico.ru\/ru\/wp-json\/wp\/v2\/comments?post=1870"}],"version-history":[{"count":0,"href":"https:\/\/www.cilico.ru\/ru\/wp-json\/wp\/v2\/pages\/1870\/revisions"}],"wp:attachment":[{"href":"https:\/\/www.cilico.ru\/ru\/wp-json\/wp\/v2\/media?parent=1870"}],"curies":[{"name":"wp","href":"https:\/\/api.w.org\/{rel}","templated":true}]}}