{"id":1942,"date":"2025-09-28T21:41:11","date_gmt":"2025-09-28T21:41:11","guid":{"rendered":"https:\/\/www.cilico.ru\/?page_id=1942"},"modified":"2025-09-28T21:41:11","modified_gmt":"2025-09-28T21:41:11","slug":"mobis-bilisim-ltd-sti-dagitici-oldu","status":"publish","type":"page","link":"https:\/\/www.cilico.ru\/ru\/mobis-bilisim-ltd-sti-dagitici-oldu\/","title":{"rendered":"\u041a\u041e\u041c\u041f\u0410\u041d\u0418\u042f MOBI\u0307S BI\u0307LI\u0307\u015eI\u0307M LTD.\u015eTI. \u0421\u0422\u0410\u041b\u0410 \u0414\u0418\u0421\u0422\u0420\u0418\u0411\u042c\u042e\u0422\u041e\u0420\u041e\u041c!"},"content":{"rendered":"<div data-elementor-type=\"wp-page\" data-elementor-id=\"1942\" class=\"elementor elementor-1942\">\n\t\t\t\t<div class=\"elementor-element elementor-element-962e0c1 e-con-full e-flex wpr-particle-no wpr-jarallax-no wpr-parallax-no wpr-sticky-section-no wpr-equal-height-no e-con e-parent\" data-id=\"962e0c1\" data-element_type=\"container\" data-e-type=\"container\" data-settings=\"{&quot;background_background&quot;:&quot;classic&quot;,&quot;ekit_has_onepagescroll_dot&quot;:&quot;yes&quot;}\">\n\t\t\t\t<\/div>\n\t\t<div class=\"elementor-element elementor-element-4f822e2 e-flex e-con-boxed wpr-particle-no wpr-jarallax-no wpr-parallax-no wpr-sticky-section-no wpr-equal-height-no e-con e-parent\" data-id=\"4f822e2\" data-element_type=\"container\" data-e-type=\"container\" data-settings=\"{&quot;ekit_has_onepagescroll_dot&quot;:&quot;yes&quot;}\">\n\t\t\t\t\t<div class=\"e-con-inner\">\n\t\t\t\t<div class=\"elementor-element elementor-element-bd410f3 elementor-widget elementor-widget-heading\" data-id=\"bd410f3\" data-element_type=\"widget\" data-e-type=\"widget\" data-settings=\"{&quot;ekit_we_effect_on&quot;:&quot;none&quot;}\" data-widget_type=\"heading.default\">\n\t\t\t\t\t<h4 class=\"elementor-heading-title elementor-size-default\">\u041a\u041e\u041c\u041f\u0410\u041d\u0418\u042f MOBI\u0307S BI\u0307LI\u0307\u015eI\u0307M LTD.\u015eTI. \u0421\u0422\u0410\u041b\u0410 \u0414\u0418\u0421\u0422\u0420\u0418\u0411\u042c\u042e\u0422\u041e\u0420\u041e\u041c!<\/h4>\t\t\t\t<\/div>\n\t\t\t\t\t<\/div>\n\t\t\t\t<\/div>\n\t\t<div class=\"elementor-element elementor-element-bcb2fa6 e-flex e-con-boxed wpr-particle-no wpr-jarallax-no wpr-parallax-no wpr-sticky-section-no wpr-equal-height-no e-con e-parent\" data-id=\"bcb2fa6\" data-element_type=\"container\" data-e-type=\"container\" data-settings=\"{&quot;ekit_has_onepagescroll_dot&quot;:&quot;yes&quot;}\">\n\t\t\t\t\t<div class=\"e-con-inner\">\n\t\t\t\t<div class=\"elementor-element elementor-element-4f13f61 elementor-widget elementor-widget-heading\" data-id=\"4f13f61\" data-element_type=\"widget\" data-e-type=\"widget\" data-settings=\"{&quot;ekit_we_effect_on&quot;:&quot;none&quot;}\" data-widget_type=\"heading.default\">\n\t\t\t\t\t<h6 class=\"elementor-heading-title elementor-size-default\">2024-01-10 13:41:33<\/h6>\t\t\t\t<\/div>\n\t\t\t\t\t<\/div>\n\t\t\t\t<\/div>\n\t\t<div class=\"elementor-element elementor-element-53c7851 e-flex e-con-boxed wpr-particle-no wpr-jarallax-no wpr-parallax-no wpr-sticky-section-no wpr-equal-height-no e-con e-parent\" data-id=\"53c7851\" data-element_type=\"container\" data-e-type=\"container\" data-settings=\"{&quot;ekit_has_onepagescroll_dot&quot;:&quot;yes&quot;}\">\n\t\t\t\t\t<div class=\"e-con-inner\">\n\t\t\t\t<div class=\"elementor-element elementor-element-ca3a6b6 elementor-widget elementor-widget-text-editor\" data-id=\"ca3a6b6\" data-element_type=\"widget\" data-e-type=\"widget\" data-settings=\"{&quot;ekit_we_effect_on&quot;:&quot;none&quot;}\" data-widget_type=\"text-editor.default\">\n\t\t\t\t\t\t\t\t\t<p>Mobis Bili\u015fim Ltd. \u015eti. Da\u011f\u0131t\u0131c\u0131 oldu! De\u011ferli i\u015f ortakl\u0131\u011f\u0131n\u0131 sizlere duyurmaktan mutluluk duyar\u0131z!<\/p><p>\u00a0<\/p>\t\t\t\t\t\t\t\t<\/div>\n\t\t\t\t<div class=\"elementor-element elementor-element-0d63e78 elementor-widget elementor-widget-image\" data-id=\"0d63e78\" data-element_type=\"widget\" data-e-type=\"widget\" data-settings=\"{&quot;ekit_we_effect_on&quot;:&quot;none&quot;}\" data-widget_type=\"image.default\">\n\t\t\t\t\t\t\t\t\t\t\t\t\t\t\t<img fetchpriority=\"high\" decoding=\"async\" width=\"724\" height=\"1024\" src=\"https:\/\/www.cilico.ru\/wp-content\/uploads\/2025\/09\/39d60c642cdc8724ed934971cf32be0a-1-scaled-1-724x1024.jpg\" class=\"attachment-large size-large wp-image-1924\" alt=\"\" srcset=\"https:\/\/www.cilico.ru\/wp-content\/uploads\/2025\/09\/39d60c642cdc8724ed934971cf32be0a-1-scaled-1-724x1024.jpg 724w, https:\/\/www.cilico.ru\/wp-content\/uploads\/2025\/09\/39d60c642cdc8724ed934971cf32be0a-1-scaled-1-212x300.jpg 212w, https:\/\/www.cilico.ru\/wp-content\/uploads\/2025\/09\/39d60c642cdc8724ed934971cf32be0a-1-scaled-1-768x1086.jpg 768w, https:\/\/www.cilico.ru\/wp-content\/uploads\/2025\/09\/39d60c642cdc8724ed934971cf32be0a-1-scaled-1-1086x1536.jpg 1086w, https:\/\/www.cilico.ru\/wp-content\/uploads\/2025\/09\/39d60c642cdc8724ed934971cf32be0a-1-scaled-1-1448x2048.jpg 1448w, https:\/\/www.cilico.ru\/wp-content\/uploads\/2025\/09\/39d60c642cdc8724ed934971cf32be0a-1-scaled-1.jpg 1810w\" sizes=\"(max-width: 724px) 100vw, 724px\" \/>\t\t\t\t\t\t\t\t\t\t\t\t\t\t\t<\/div>\n\t\t\t\t\t<\/div>\n\t\t\t\t<\/div>\n\t\t\t\t<\/div>","protected":false},"excerpt":{"rendered":"<p>MOB\u0130S B\u0130L\u0130\u015e\u0130M LTD.\u015eT\u0130. DA\u011eITICI OLDU! 2024-01-10 13:41:33 Mobis Bili\u015fim Ltd. \u015eti. Da\u011f\u0131t\u0131c\u0131 oldu! De\u011ferli i\u015f ortakl\u0131\u011f\u0131n\u0131 sizlere duyurmaktan mutluluk duyar\u0131z! \u00a0<\/p>","protected":false},"author":1,"featured_media":0,"parent":0,"menu_order":0,"comment_status":"closed","ping_status":"closed","template":"elementor_canvas","meta":{"footnotes":""},"class_list":["post-1942","page","type-page","status-publish","hentry"],"yoast_head":"<!-- This site is optimized with the Yoast SEO plugin v27.4 - https:\/\/yoast.com\/product\/yoast-seo-wordpress\/ -->\n<title>MOB\u0130S B\u0130L\u0130\u015e\u0130M LTD.\u015eT\u0130. DA\u011eITICI OLDU! - CILICO | El Terminali, Mobil Bilgisayar Uzman\u0131 | CILICO<\/title>\n<meta name=\"robots\" content=\"index, follow, max-snippet:-1, max-image-preview:large, max-video-preview:-1\" \/>\n<link rel=\"canonical\" href=\"https:\/\/www.cilico.ru\/ru\/mobis-bilisim-ltd-sti-dagitici-oldu\/\" \/>\n<meta property=\"og:locale\" content=\"ru_RU\" \/>\n<meta property=\"og:type\" content=\"article\" \/>\n<meta property=\"og:title\" content=\"MOB\u0130S B\u0130L\u0130\u015e\u0130M LTD.\u015eT\u0130. DA\u011eITICI OLDU! - CILICO | El Terminali, Mobil Bilgisayar Uzman\u0131 | CILICO\" \/>\n<meta property=\"og:description\" content=\"MOB\u0130S B\u0130L\u0130\u015e\u0130M LTD.\u015eT\u0130. DA\u011eITICI OLDU! 2024-01-10 13:41:33 Mobis Bili\u015fim Ltd. \u015eti. Da\u011f\u0131t\u0131c\u0131 oldu! De\u011ferli i\u015f ortakl\u0131\u011f\u0131n\u0131 sizlere duyurmaktan mutluluk duyar\u0131z! \u00a0\" \/>\n<meta property=\"og:url\" content=\"https:\/\/www.cilico.ru\/ru\/mobis-bilisim-ltd-sti-dagitici-oldu\/\" \/>\n<meta property=\"og:site_name\" content=\"CILICO | El Terminali, Mobil Bilgisayar Uzman\u0131 | CILICO\" \/>\n<meta property=\"og:image\" content=\"https:\/\/cilicoweb-wordpress.cloud.solucharger.com\/wp-content\/uploads\/2025\/09\/39d60c642cdc8724ed934971cf32be0a-1-724x1024.jpg\" \/>\n<meta name=\"twitter:card\" content=\"summary_large_image\" \/>\n<script type=\"application\/ld+json\" class=\"yoast-schema-graph\">{\"@context\":\"https:\\\/\\\/schema.org\",\"@graph\":[{\"@type\":\"WebPage\",\"@id\":\"https:\\\/\\\/www.cilico.ru\\\/mobis-bilisim-ltd-sti-dagitici-oldu\\\/\",\"url\":\"https:\\\/\\\/www.cilico.ru\\\/mobis-bilisim-ltd-sti-dagitici-oldu\\\/\",\"name\":\"MOB\u0130S B\u0130L\u0130\u015e\u0130M LTD.\u015eT\u0130. DA\u011eITICI OLDU! - CILICO | El Terminali, Mobil Bilgisayar Uzman\u0131 | CILICO\",\"isPartOf\":{\"@id\":\"https:\\\/\\\/www.cilico.ru\\\/#website\"},\"primaryImageOfPage\":{\"@id\":\"https:\\\/\\\/www.cilico.ru\\\/mobis-bilisim-ltd-sti-dagitici-oldu\\\/#primaryimage\"},\"image\":{\"@id\":\"https:\\\/\\\/www.cilico.ru\\\/mobis-bilisim-ltd-sti-dagitici-oldu\\\/#primaryimage\"},\"thumbnailUrl\":\"https:\\\/\\\/cilicoweb-wordpress.cloud.solucharger.com\\\/wp-content\\\/uploads\\\/2025\\\/09\\\/39d60c642cdc8724ed934971cf32be0a-1-724x1024.jpg\",\"datePublished\":\"2025-09-28T21:41:11+00:00\",\"breadcrumb\":{\"@id\":\"https:\\\/\\\/www.cilico.ru\\\/mobis-bilisim-ltd-sti-dagitici-oldu\\\/#breadcrumb\"},\"inLanguage\":\"ru-RU\",\"potentialAction\":[{\"@type\":\"ReadAction\",\"target\":[\"https:\\\/\\\/www.cilico.ru\\\/mobis-bilisim-ltd-sti-dagitici-oldu\\\/\"]}]},{\"@type\":\"ImageObject\",\"inLanguage\":\"ru-RU\",\"@id\":\"https:\\\/\\\/www.cilico.ru\\\/mobis-bilisim-ltd-sti-dagitici-oldu\\\/#primaryimage\",\"url\":\"https:\\\/\\\/cilicoweb-wordpress.cloud.solucharger.com\\\/wp-content\\\/uploads\\\/2025\\\/09\\\/39d60c642cdc8724ed934971cf32be0a-1-724x1024.jpg\",\"contentUrl\":\"https:\\\/\\\/cilicoweb-wordpress.cloud.solucharger.com\\\/wp-content\\\/uploads\\\/2025\\\/09\\\/39d60c642cdc8724ed934971cf32be0a-1-724x1024.jpg\"},{\"@type\":\"BreadcrumbList\",\"@id\":\"https:\\\/\\\/www.cilico.ru\\\/mobis-bilisim-ltd-sti-dagitici-oldu\\\/#breadcrumb\",\"itemListElement\":[{\"@type\":\"ListItem\",\"position\":1,\"name\":\"Anasayfa\",\"item\":\"https:\\\/\\\/www.cilico.ru\\\/\"},{\"@type\":\"ListItem\",\"position\":2,\"name\":\"MOB\u0130S B\u0130L\u0130\u015e\u0130M LTD.\u015eT\u0130. DA\u011eITICI OLDU!\"}]},{\"@type\":\"WebSite\",\"@id\":\"https:\\\/\\\/www.cilico.ru\\\/#website\",\"url\":\"https:\\\/\\\/www.cilico.ru\\\/\",\"name\":\"CILICO | El Terminali, Mobil Bilgisayar Uzman\u0131 | CILICO\",\"description\":\"\",\"publisher\":{\"@id\":\"https:\\\/\\\/www.cilico.ru\\\/#organization\"},\"potentialAction\":[{\"@type\":\"SearchAction\",\"target\":{\"@type\":\"EntryPoint\",\"urlTemplate\":\"https:\\\/\\\/www.cilico.ru\\\/?s={search_term_string}\"},\"query-input\":{\"@type\":\"PropertyValueSpecification\",\"valueRequired\":true,\"valueName\":\"search_term_string\"}}],\"inLanguage\":\"ru-RU\"},{\"@type\":\"Organization\",\"@id\":\"https:\\\/\\\/www.cilico.ru\\\/#organization\",\"name\":\"CILICO | \u0421\u043f\u0435\u0446\u0438\u0430\u043b\u0438\u0441\u0442 \u043f\u043e \u043f\u043e\u0440\u0442\u0430\u0442\u0438\u0432\u043d\u044b\u043c \u0442\u0435\u0440\u043c\u0438\u043d\u0430\u043b\u0430\u043c, \u043c\u043e\u0431\u0438\u043b\u044c\u043d\u044b\u043c \u043a\u043e\u043c\u043f\u044c\u044e\u0442\u0435\u0440\u0430\u043c | CILICO Productivity and Performance\",\"url\":\"https:\\\/\\\/www.cilico.ru\\\/\",\"logo\":{\"@type\":\"ImageObject\",\"inLanguage\":\"ru-RU\",\"@id\":\"https:\\\/\\\/www.cilico.ru\\\/#\\\/schema\\\/logo\\\/image\\\/\",\"url\":\"https:\\\/\\\/www.cilico.ru\\\/wp-content\\\/uploads\\\/2025\\\/09\\\/cropped-ico.fw_.png\",\"contentUrl\":\"https:\\\/\\\/www.cilico.ru\\\/wp-content\\\/uploads\\\/2025\\\/09\\\/cropped-ico.fw_.png\",\"width\":512,\"height\":512,\"caption\":\"CILICO | \u0421\u043f\u0435\u0446\u0438\u0430\u043b\u0438\u0441\u0442 \u043f\u043e \u043f\u043e\u0440\u0442\u0430\u0442\u0438\u0432\u043d\u044b\u043c \u0442\u0435\u0440\u043c\u0438\u043d\u0430\u043b\u0430\u043c, \u043c\u043e\u0431\u0438\u043b\u044c\u043d\u044b\u043c \u043a\u043e\u043c\u043f\u044c\u044e\u0442\u0435\u0440\u0430\u043c | CILICO Productivity and Performance\"},\"image\":{\"@id\":\"https:\\\/\\\/www.cilico.ru\\\/#\\\/schema\\\/logo\\\/image\\\/\"}}]}<\/script>\n<!-- \/ Yoast SEO plugin. -->","yoast_head_json":{"title":"MOB\u0130S B\u0130L\u0130\u015e\u0130M LTD.\u015eT\u0130. DA\u011eITICI OLDU! - CILICO | El Terminali, Mobil Bilgisayar Uzman\u0131 | CILICO","robots":{"index":"index","follow":"follow","max-snippet":"max-snippet:-1","max-image-preview":"max-image-preview:large","max-video-preview":"max-video-preview:-1"},"canonical":"https:\/\/www.cilico.ru\/ru\/mobis-bilisim-ltd-sti-dagitici-oldu\/","og_locale":"ru_RU","og_type":"article","og_title":"MOB\u0130S B\u0130L\u0130\u015e\u0130M LTD.\u015eT\u0130. DA\u011eITICI OLDU! - CILICO | El Terminali, Mobil Bilgisayar Uzman\u0131 | CILICO","og_description":"MOB\u0130S B\u0130L\u0130\u015e\u0130M LTD.\u015eT\u0130. DA\u011eITICI OLDU! 2024-01-10 13:41:33 Mobis Bili\u015fim Ltd. \u015eti. Da\u011f\u0131t\u0131c\u0131 oldu! De\u011ferli i\u015f ortakl\u0131\u011f\u0131n\u0131 sizlere duyurmaktan mutluluk duyar\u0131z! \u00a0","og_url":"https:\/\/www.cilico.ru\/ru\/mobis-bilisim-ltd-sti-dagitici-oldu\/","og_site_name":"CILICO | El Terminali, Mobil Bilgisayar Uzman\u0131 | CILICO","og_image":[{"url":"https:\/\/cilicoweb-wordpress.cloud.solucharger.com\/wp-content\/uploads\/2025\/09\/39d60c642cdc8724ed934971cf32be0a-1-724x1024.jpg","type":"","width":"","height":""}],"twitter_card":"summary_large_image","schema":{"@context":"https:\/\/schema.org","@graph":[{"@type":"WebPage","@id":"https:\/\/www.cilico.ru\/mobis-bilisim-ltd-sti-dagitici-oldu\/","url":"https:\/\/www.cilico.ru\/mobis-bilisim-ltd-sti-dagitici-oldu\/","name":"MOB\u0130S B\u0130L\u0130\u015e\u0130M LTD.\u015eT\u0130. DA\u011eITICI OLDU! - CILICO | El Terminali, Mobil Bilgisayar Uzman\u0131 | CILICO","isPartOf":{"@id":"https:\/\/www.cilico.ru\/#website"},"primaryImageOfPage":{"@id":"https:\/\/www.cilico.ru\/mobis-bilisim-ltd-sti-dagitici-oldu\/#primaryimage"},"image":{"@id":"https:\/\/www.cilico.ru\/mobis-bilisim-ltd-sti-dagitici-oldu\/#primaryimage"},"thumbnailUrl":"https:\/\/cilicoweb-wordpress.cloud.solucharger.com\/wp-content\/uploads\/2025\/09\/39d60c642cdc8724ed934971cf32be0a-1-724x1024.jpg","datePublished":"2025-09-28T21:41:11+00:00","breadcrumb":{"@id":"https:\/\/www.cilico.ru\/mobis-bilisim-ltd-sti-dagitici-oldu\/#breadcrumb"},"inLanguage":"ru-RU","potentialAction":[{"@type":"ReadAction","target":["https:\/\/www.cilico.ru\/mobis-bilisim-ltd-sti-dagitici-oldu\/"]}]},{"@type":"ImageObject","inLanguage":"ru-RU","@id":"https:\/\/www.cilico.ru\/mobis-bilisim-ltd-sti-dagitici-oldu\/#primaryimage","url":"https:\/\/cilicoweb-wordpress.cloud.solucharger.com\/wp-content\/uploads\/2025\/09\/39d60c642cdc8724ed934971cf32be0a-1-724x1024.jpg","contentUrl":"https:\/\/cilicoweb-wordpress.cloud.solucharger.com\/wp-content\/uploads\/2025\/09\/39d60c642cdc8724ed934971cf32be0a-1-724x1024.jpg"},{"@type":"BreadcrumbList","@id":"https:\/\/www.cilico.ru\/mobis-bilisim-ltd-sti-dagitici-oldu\/#breadcrumb","itemListElement":[{"@type":"ListItem","position":1,"name":"Anasayfa","item":"https:\/\/www.cilico.ru\/"},{"@type":"ListItem","position":2,"name":"MOB\u0130S B\u0130L\u0130\u015e\u0130M LTD.\u015eT\u0130. DA\u011eITICI OLDU!"}]},{"@type":"WebSite","@id":"https:\/\/www.cilico.ru\/#website","url":"https:\/\/www.cilico.ru\/","name":"CILICO | \u0421\u043f\u0435\u0446\u0438\u0430\u043b\u0438\u0441\u0442 \u043f\u043e \u043f\u043e\u0440\u0442\u0430\u0442\u0438\u0432\u043d\u044b\u043c \u0442\u0435\u0440\u043c\u0438\u043d\u0430\u043b\u0430\u043c, \u043c\u043e\u0431\u0438\u043b\u044c\u043d\u044b\u043c \u043a\u043e\u043c\u043f\u044c\u044e\u0442\u0435\u0440\u0430\u043c | CILICO","description":"","publisher":{"@id":"https:\/\/www.cilico.ru\/#organization"},"potentialAction":[{"@type":"SearchAction","target":{"@type":"EntryPoint","urlTemplate":"https:\/\/www.cilico.ru\/?s={search_term_string}"},"query-input":{"@type":"PropertyValueSpecification","valueRequired":true,"valueName":"search_term_string"}}],"inLanguage":"ru-RU"},{"@type":"Organization","@id":"https:\/\/www.cilico.ru\/#organization","name":"CILICO | Spe\u0446\u0438\u0430\u043b\u0438\u0441\u0442 \u043f\u043e \u043f\u043e\u0440\u0442\u0430\u0442\u0438\u0432\u043d\u044b\u043c \u0442\u0435\u0440\u043c\u0438\u043d\u0430\u043b\u0430\u043c, \u043c\u043e\u0431\u0438\u043b\u044c\u043d\u044b\u043c \u043a\u043e\u043c\u043f\u044c\u044e\u0442\u0435\u0440\u0430\u043c | CILICO Productivity and Performance","url":"https:\/\/www.cilico.ru\/","logo":{"@type":"ImageObject","inLanguage":"ru-RU","@id":"https:\/\/www.cilico.ru\/#\/schema\/logo\/image\/","url":"https:\/\/www.cilico.ru\/wp-content\/uploads\/2025\/09\/cropped-ico.fw_.png","contentUrl":"https:\/\/www.cilico.ru\/wp-content\/uploads\/2025\/09\/cropped-ico.fw_.png","width":512,"height":512,"caption":"CILICO | \u0421\u043f\u0435\u0446\u0438\u0430\u043b\u0438\u0441\u0442 \u043f\u043e \u043f\u043e\u0440\u0442\u0430\u0442\u0438\u0432\u043d\u044b\u043c \u0442\u0435\u0440\u043c\u0438\u043d\u0430\u043b\u0430\u043c, \u043c\u043e\u0431\u0438\u043b\u044c\u043d\u044b\u043c \u043a\u043e\u043c\u043f\u044c\u044e\u0442\u0435\u0440\u0430\u043c | CILICO Productivity and Performance"},"image":{"@id":"https:\/\/www.cilico.ru\/#\/schema\/logo\/image\/"}}]}},"_links":{"self":[{"href":"https:\/\/www.cilico.ru\/ru\/wp-json\/wp\/v2\/pages\/1942","targetHints":{"allow":["GET"]}}],"collection":[{"href":"https:\/\/www.cilico.ru\/ru\/wp-json\/wp\/v2\/pages"}],"about":[{"href":"https:\/\/www.cilico.ru\/ru\/wp-json\/wp\/v2\/types\/page"}],"author":[{"embeddable":true,"href":"https:\/\/www.cilico.ru\/ru\/wp-json\/wp\/v2\/users\/1"}],"replies":[{"embeddable":true,"href":"https:\/\/www.cilico.ru\/ru\/wp-json\/wp\/v2\/comments?post=1942"}],"version-history":[{"count":0,"href":"https:\/\/www.cilico.ru\/ru\/wp-json\/wp\/v2\/pages\/1942\/revisions"}],"wp:attachment":[{"href":"https:\/\/www.cilico.ru\/ru\/wp-json\/wp\/v2\/media?parent=1942"}],"curies":[{"name":"wp","href":"https:\/\/api.w.org\/{rel}","templated":true}]}}