{"id":973,"date":"2025-09-15T18:56:04","date_gmt":"2025-09-15T18:56:04","guid":{"rendered":"https:\/\/www.cilico.ru\/?page_id=973"},"modified":"2026-02-05T17:43:43","modified_gmt":"2026-02-05T14:43:43","slug":"%d1%83%d0%bc%d0%bd%d0%be%d0%b5-%d0%b7%d0%b4%d0%be%d1%80%d0%be%d0%b2%d1%8c%d0%b5","status":"publish","type":"page","link":"https:\/\/www.cilico.ru\/ru\/akilli-saglik\/","title":{"rendered":"\u0423\u043c\u043d\u043e\u0435 \u0437\u0434\u0440\u0430\u0432\u043e\u043e\u0445\u0440\u0430\u043d\u0435\u043d\u0438\u0435"},"content":{"rendered":"<div data-elementor-type=\"wp-page\" data-elementor-id=\"973\" class=\"elementor elementor-973\">\n\t\t\t\t<div class=\"elementor-element elementor-element-962e0c1 e-con-full e-flex wpr-particle-no wpr-jarallax-no wpr-parallax-no wpr-sticky-section-no wpr-equal-height-no e-con e-parent\" data-id=\"962e0c1\" data-element_type=\"container\" data-e-type=\"container\" data-settings=\"{&quot;background_background&quot;:&quot;classic&quot;,&quot;ekit_has_onepagescroll_dot&quot;:&quot;yes&quot;}\">\n\t\t\t\t<\/div>\n\t\t<div class=\"elementor-element elementor-element-5de8e60 e-flex e-con-boxed wpr-particle-no wpr-jarallax-no wpr-parallax-no wpr-sticky-section-no wpr-equal-height-no e-con e-parent\" data-id=\"5de8e60\" data-element_type=\"container\" data-e-type=\"container\" data-settings=\"{&quot;background_background&quot;:&quot;classic&quot;,&quot;ekit_has_onepagescroll_dot&quot;:&quot;yes&quot;}\">\n\t\t\t\t\t<div class=\"e-con-inner\">\n\t\t<div class=\"elementor-element elementor-element-5256912 e-con-full e-flex wpr-particle-no wpr-jarallax-no wpr-parallax-no wpr-sticky-section-no wpr-equal-height-no e-con e-child\" data-id=\"5256912\" data-element_type=\"container\" data-e-type=\"container\" data-settings=\"{&quot;background_background&quot;:&quot;classic&quot;,&quot;ekit_has_onepagescroll_dot&quot;:&quot;yes&quot;}\">\n\t\t\t\t<div class=\"elementor-element elementor-element-dab29c5 elementor-position-top elementor-widget elementor-widget-image-box\" data-id=\"dab29c5\" data-element_type=\"widget\" data-e-type=\"widget\" data-settings=\"{&quot;ekit_we_effect_on&quot;:&quot;none&quot;}\" data-widget_type=\"image-box.default\">\n\t\t\t\t\t<div class=\"elementor-image-box-wrapper\"><figure class=\"elementor-image-box-img\"><a href=\"https:\/\/www.cilico.ru\/ru\/?page_id=981\" tabindex=\"-1\"><img fetchpriority=\"high\" decoding=\"async\" width=\"640\" height=\"366\" src=\"https:\/\/www.cilico.ru\/wp-content\/uploads\/2025\/09\/be5d9d4638a21a4ca771f778f03bd82a.jpg\" class=\"attachment-full size-full wp-image-976\" alt=\"\" srcset=\"https:\/\/www.cilico.ru\/wp-content\/uploads\/2025\/09\/be5d9d4638a21a4ca771f778f03bd82a.jpg 640w, https:\/\/www.cilico.ru\/wp-content\/uploads\/2025\/09\/be5d9d4638a21a4ca771f778f03bd82a-300x172.jpg 300w\" sizes=\"(max-width: 640px) 100vw, 640px\" \/><\/a><\/figure><div class=\"elementor-image-box-content\"><h5 class=\"elementor-image-box-title\"><a href=\"https:\/\/www.cilico.ru\/ru\/?page_id=981\">\u041e\u0440\u0433\u0430\u043d\u0438\u0437\u0430\u0446\u0438\u044f \u0441\u0435\u0441\u0442\u0440\u0438\u043d\u0441\u043a\u043e\u0433\u043e \u0434\u0435\u043b\u0430<\/a><\/h5><p class=\"elementor-image-box-description\">\u041f\u043e\u0432\u044b\u0448\u0435\u043d\u0438\u0435 \u043a\u0430\u0447\u0435\u0441\u0442\u0432\u0430 \u0443\u0441\u043b\u0443\u0433 \u0438 \u043f\u0440\u043e\u0440\u044b\u0432 \u0432 \u043e\u0440\u0433\u0430\u043d\u0438\u0437\u0430\u0446\u0438\u0438\u0438 \u043c\u043e\u0431\u0438\u043b\u044c\u043d\u043e\u0433\u043e \u0441\u0435\u0441\u0442\u0440\u0438\u043d\u0441\u043a\u043e\u0433\u043e \u0434\u0435\u043b\u0430 \u0441 \u043f\u043e\u043c\u043e\u0449\u044c\u044e \u0440\u0435\u0448\u0435\u043d\u0438\u0439 CILICO.<\/p><\/div><\/div>\t\t\t\t<\/div>\n\t\t\t\t<div class=\"elementor-element elementor-element-6ccfdf2 elementor-align-center elementor-absolute elementor-widget elementor-widget-button\" data-id=\"6ccfdf2\" data-element_type=\"widget\" data-e-type=\"widget\" data-settings=\"{&quot;_position&quot;:&quot;absolute&quot;,&quot;ekit_we_effect_on&quot;:&quot;none&quot;}\" data-widget_type=\"button.default\">\n\t\t\t\t\t\t\t\t\t\t<a class=\"elementor-button elementor-button-link elementor-size-sm\" href=\"https:\/\/www.cilico.ru\/ru\/?page_id=981\">\n\t\t\t\t\t\t<span class=\"elementor-button-content-wrapper\">\n\t\t\t\t\t\t\t\t\t<span class=\"elementor-button-text\">\u041f\u043e\u0434\u0440\u043e\u0431\u043d\u0435\u0435<\/span>\n\t\t\t\t\t<\/span>\n\t\t\t\t\t<\/a>\n\t\t\t\t\t\t\t\t<\/div>\n\t\t\t\t<\/div>\n\t\t<div class=\"elementor-element elementor-element-081b756 e-con-full e-flex wpr-particle-no wpr-jarallax-no wpr-parallax-no wpr-sticky-section-no wpr-equal-height-no e-con e-child\" data-id=\"081b756\" data-element_type=\"container\" data-e-type=\"container\" data-settings=\"{&quot;background_background&quot;:&quot;classic&quot;,&quot;ekit_has_onepagescroll_dot&quot;:&quot;yes&quot;}\">\n\t\t\t\t<div class=\"elementor-element elementor-element-2576ebc elementor-position-top elementor-widget elementor-widget-image-box\" data-id=\"2576ebc\" data-element_type=\"widget\" data-e-type=\"widget\" data-settings=\"{&quot;ekit_we_effect_on&quot;:&quot;none&quot;}\" data-widget_type=\"image-box.default\">\n\t\t\t\t\t<div class=\"elementor-image-box-wrapper\"><figure class=\"elementor-image-box-img\"><a href=\"https:\/\/www.cilico.ru\/ru\/?page_id=989\" tabindex=\"-1\"><img decoding=\"async\" width=\"640\" height=\"366\" src=\"https:\/\/www.cilico.ru\/wp-content\/uploads\/2025\/09\/a77286922b3d746f9ab7c2a0268a2339.jpg\" class=\"attachment-full size-full wp-image-977\" alt=\"\" srcset=\"https:\/\/www.cilico.ru\/wp-content\/uploads\/2025\/09\/a77286922b3d746f9ab7c2a0268a2339.jpg 640w, https:\/\/www.cilico.ru\/wp-content\/uploads\/2025\/09\/a77286922b3d746f9ab7c2a0268a2339-300x172.jpg 300w\" sizes=\"(max-width: 640px) 100vw, 640px\" \/><\/a><\/figure><div class=\"elementor-image-box-content\"><h5 class=\"elementor-image-box-title\"><a href=\"https:\/\/www.cilico.ru\/ru\/?page_id=989\">\u041f\u0440\u0438\u043c\u0435\u043d\u0435\u043d\u0438\u0435 \u0440\u0435\u0448\u0435\u043d\u0438\u044f \u0432 \u043c\u0435\u0434\u0438\u0446\u0438\u043d\u0435<\/a><\/h5><p class=\"elementor-image-box-description\">\u041f\u0435\u0440\u0432\u0430\u044f \u0432 \u0410\u0437\u0438\u0438\u0438 \u043a\u0440\u0443\u043f\u043d\u043e\u043c\u0430\u0441\u0448\u0442\u0430\u0431\u043d\u0430\u044f \u0431\u043e\u043b\u044c\u043d\u0438\u0446\u0430 \u043d\u0430 30 000 \u043a\u043e\u0435\u043a, \u043e\u0431\u044a\u0435\u0434\u0438\u043d\u044f\u044e\u0449\u0430\u044f \u043b\u0435\u0447\u0435\u043d\u0438\u0435, \u043d\u0430\u0443\u043a\u0443 \u0438 \u043e\u0431\u0440\u0430\u0437\u043e\u0432\u0430\u043d\u0438\u0435.<\/p><\/div><\/div>\t\t\t\t<\/div>\n\t\t\t\t<div class=\"elementor-element elementor-element-1adc886 elementor-align-center elementor-absolute elementor-widget elementor-widget-button\" data-id=\"1adc886\" data-element_type=\"widget\" data-e-type=\"widget\" data-settings=\"{&quot;_position&quot;:&quot;absolute&quot;,&quot;ekit_we_effect_on&quot;:&quot;none&quot;}\" data-widget_type=\"button.default\">\n\t\t\t\t\t\t\t\t\t\t<a class=\"elementor-button elementor-button-link elementor-size-sm\" href=\"https:\/\/www.cilico.ru\/ru\/?page_id=989\">\n\t\t\t\t\t\t<span class=\"elementor-button-content-wrapper\">\n\t\t\t\t\t\t\t\t\t<span class=\"elementor-button-text\">\u041f\u043e\u0434\u0440\u043e\u0431\u043d\u0435\u0435<\/span>\n\t\t\t\t\t<\/span>\n\t\t\t\t\t<\/a>\n\t\t\t\t\t\t\t\t<\/div>\n\t\t\t\t<\/div>\n\t\t<div class=\"elementor-element elementor-element-afba245 e-con-full e-flex wpr-particle-no wpr-jarallax-no wpr-parallax-no wpr-sticky-section-no wpr-equal-height-no e-con e-child\" data-id=\"afba245\" data-element_type=\"container\" data-e-type=\"container\" data-settings=\"{&quot;ekit_has_onepagescroll_dot&quot;:&quot;yes&quot;}\">\n\t\t\t\t<\/div>\n\t\t<div class=\"elementor-element elementor-element-dc10226 e-con-full e-flex wpr-particle-no wpr-jarallax-no wpr-parallax-no wpr-sticky-section-no wpr-equal-height-no e-con e-child\" data-id=\"dc10226\" data-element_type=\"container\" data-e-type=\"container\" data-settings=\"{&quot;ekit_has_onepagescroll_dot&quot;:&quot;yes&quot;}\">\n\t\t\t\t<\/div>\n\t\t\t\t\t<\/div>\n\t\t\t\t<\/div>\n\t\t\t\t<\/div>","protected":false},"excerpt":{"rendered":"<p>Hatane Uygulamas\u0131 30.000 yatak kapasitesine sahip Asya&#8217;n\u0131n ilk b\u00fcy\u00fck \u00f6l\u00e7ekli tek yerle\u015fkesi&#8230; Buraya t\u0131kla Ak\u0131ll\u0131 Sa\u011fl\u0131k Uygulamas\u0131 Bilgi teknolojinin k\u00fcresel geli\u015fimiyle birlikte internet tabanl\u0131 sa\u011fl\u0131k&#8230; Buraya t\u0131kla<\/p>","protected":false},"author":1,"featured_media":0,"parent":0,"menu_order":0,"comment_status":"closed","ping_status":"closed","template":"elementor_canvas","meta":{"footnotes":""},"class_list":["post-973","page","type-page","status-publish","hentry"],"yoast_head":"<!-- This site is optimized with the Yoast SEO plugin v27.4 - https:\/\/yoast.com\/product\/yoast-seo-wordpress\/ -->\n<title>Ak\u0131ll\u0131 Sa\u011fl\u0131k - CILICO | El Terminali, Mobil Bilgisayar Uzman\u0131 | CILICO<\/title>\n<meta name=\"robots\" content=\"index, follow, max-snippet:-1, max-image-preview:large, max-video-preview:-1\" \/>\n<link rel=\"canonical\" href=\"https:\/\/www.cilico.ru\/ru\/\u0443\u043c\u043d\u043e\u0435-\u0437\u0434\u043e\u0440\u043e\u0432\u044c\u0435\/\" \/>\n<meta property=\"og:locale\" content=\"ru_RU\" \/>\n<meta property=\"og:type\" content=\"article\" \/>\n<meta property=\"og:title\" content=\"Ak\u0131ll\u0131 Sa\u011fl\u0131k - CILICO | El Terminali, Mobil Bilgisayar Uzman\u0131 | CILICO\" \/>\n<meta property=\"og:description\" content=\"Hatane Uygulamas\u0131 30.000 yatak kapasitesine sahip Asya&#8217;n\u0131n ilk b\u00fcy\u00fck \u00f6l\u00e7ekli tek yerle\u015fkesi&#8230; Buraya t\u0131kla Ak\u0131ll\u0131 Sa\u011fl\u0131k Uygulamas\u0131 Bilgi teknolojinin k\u00fcresel geli\u015fimiyle birlikte internet tabanl\u0131 sa\u011fl\u0131k&#8230; Buraya t\u0131kla\" \/>\n<meta property=\"og:url\" content=\"https:\/\/www.cilico.ru\/ru\/\u0443\u043c\u043d\u043e\u0435-\u0437\u0434\u043e\u0440\u043e\u0432\u044c\u0435\/\" \/>\n<meta property=\"og:site_name\" content=\"CILICO | El Terminali, Mobil Bilgisayar Uzman\u0131 | CILICO\" \/>\n<meta property=\"article:modified_time\" content=\"2026-02-05T14:43:43+00:00\" \/>\n<meta property=\"og:image\" content=\"https:\/\/www.cilico.ru\/wp-content\/uploads\/2025\/09\/be5d9d4638a21a4ca771f778f03bd82a.jpg\" \/>\n\t<meta property=\"og:image:width\" content=\"640\" \/>\n\t<meta property=\"og:image:height\" content=\"366\" \/>\n\t<meta property=\"og:image:type\" content=\"image\/jpeg\" \/>\n<meta name=\"twitter:card\" content=\"summary_large_image\" \/>\n<meta name=\"twitter:label1\" content=\"\u041f\u0440\u0438\u043c\u0435\u0440\u043d\u043e\u0435 \u0432\u0440\u0435\u043c\u044f \u0434\u043b\u044f \u0447\u0442\u0435\u043d\u0438\u044f\" \/>\n\t<meta name=\"twitter:data1\" content=\"1 \u043c\u0438\u043d\u0443\u0442\u0430\" \/>\n<script type=\"application\/ld+json\" class=\"yoast-schema-graph\">{\"@context\":\"https:\\\/\\\/schema.org\",\"@graph\":[{\"@type\":\"WebPage\",\"@id\":\"https:\\\/\\\/www.cilico.ru\\\/akilli-saglik\\\/\",\"url\":\"https:\\\/\\\/www.cilico.ru\\\/akilli-saglik\\\/\",\"name\":\"Ak\u0131ll\u0131 Sa\u011fl\u0131k - CILICO | El Terminali, Mobil Bilgisayar Uzman\u0131 | CILICO\",\"isPartOf\":{\"@id\":\"https:\\\/\\\/www.cilico.ru\\\/#website\"},\"primaryImageOfPage\":{\"@id\":\"https:\\\/\\\/www.cilico.ru\\\/akilli-saglik\\\/#primaryimage\"},\"image\":{\"@id\":\"https:\\\/\\\/www.cilico.ru\\\/akilli-saglik\\\/#primaryimage\"},\"thumbnailUrl\":\"https:\\\/\\\/www.cilico.ru\\\/wp-content\\\/uploads\\\/2025\\\/09\\\/be5d9d4638a21a4ca771f778f03bd82a.jpg\",\"datePublished\":\"2025-09-15T18:56:04+00:00\",\"dateModified\":\"2026-02-05T14:43:43+00:00\",\"breadcrumb\":{\"@id\":\"https:\\\/\\\/www.cilico.ru\\\/akilli-saglik\\\/#breadcrumb\"},\"inLanguage\":\"ru-RU\",\"potentialAction\":[{\"@type\":\"ReadAction\",\"target\":[\"https:\\\/\\\/www.cilico.ru\\\/akilli-saglik\\\/\"]}]},{\"@type\":\"ImageObject\",\"inLanguage\":\"ru-RU\",\"@id\":\"https:\\\/\\\/www.cilico.ru\\\/akilli-saglik\\\/#primaryimage\",\"url\":\"https:\\\/\\\/www.cilico.ru\\\/wp-content\\\/uploads\\\/2025\\\/09\\\/be5d9d4638a21a4ca771f778f03bd82a.jpg\",\"contentUrl\":\"https:\\\/\\\/www.cilico.ru\\\/wp-content\\\/uploads\\\/2025\\\/09\\\/be5d9d4638a21a4ca771f778f03bd82a.jpg\"},{\"@type\":\"BreadcrumbList\",\"@id\":\"https:\\\/\\\/www.cilico.ru\\\/akilli-saglik\\\/#breadcrumb\",\"itemListElement\":[{\"@type\":\"ListItem\",\"position\":1,\"name\":\"Anasayfa\",\"item\":\"https:\\\/\\\/www.cilico.ru\\\/\"},{\"@type\":\"ListItem\",\"position\":2,\"name\":\"Ak\u0131ll\u0131 Sa\u011fl\u0131k\"}]},{\"@type\":\"WebSite\",\"@id\":\"https:\\\/\\\/www.cilico.ru\\\/#website\",\"url\":\"https:\\\/\\\/www.cilico.ru\\\/\",\"name\":\"CILICO | El Terminali, Mobil Bilgisayar Uzman\u0131 | CILICO\",\"description\":\"\",\"publisher\":{\"@id\":\"https:\\\/\\\/www.cilico.ru\\\/#organization\"},\"potentialAction\":[{\"@type\":\"SearchAction\",\"target\":{\"@type\":\"EntryPoint\",\"urlTemplate\":\"https:\\\/\\\/www.cilico.ru\\\/?s={search_term_string}\"},\"query-input\":{\"@type\":\"PropertyValueSpecification\",\"valueRequired\":true,\"valueName\":\"search_term_string\"}}],\"inLanguage\":\"ru-RU\"},{\"@type\":\"Organization\",\"@id\":\"https:\\\/\\\/www.cilico.ru\\\/#organization\",\"name\":\"CILICO | \u0421\u043f\u0435\u0446\u0438\u0430\u043b\u0438\u0441\u0442 \u043f\u043e \u043f\u043e\u0440\u0442\u0430\u0442\u0438\u0432\u043d\u044b\u043c \u0442\u0435\u0440\u043c\u0438\u043d\u0430\u043b\u0430\u043c, \u043c\u043e\u0431\u0438\u043b\u044c\u043d\u044b\u043c \u043a\u043e\u043c\u043f\u044c\u044e\u0442\u0435\u0440\u0430\u043c | CILICO Productivity and Performance\",\"url\":\"https:\\\/\\\/www.cilico.ru\\\/\",\"logo\":{\"@type\":\"ImageObject\",\"inLanguage\":\"ru-RU\",\"@id\":\"https:\\\/\\\/www.cilico.ru\\\/#\\\/schema\\\/logo\\\/image\\\/\",\"url\":\"https:\\\/\\\/www.cilico.ru\\\/wp-content\\\/uploads\\\/2025\\\/09\\\/cropped-ico.fw_.png\",\"contentUrl\":\"https:\\\/\\\/www.cilico.ru\\\/wp-content\\\/uploads\\\/2025\\\/09\\\/cropped-ico.fw_.png\",\"width\":512,\"height\":512,\"caption\":\"CILICO | \u0421\u043f\u0435\u0446\u0438\u0430\u043b\u0438\u0441\u0442 \u043f\u043e \u043f\u043e\u0440\u0442\u0430\u0442\u0438\u0432\u043d\u044b\u043c \u0442\u0435\u0440\u043c\u0438\u043d\u0430\u043b\u0430\u043c, \u043c\u043e\u0431\u0438\u043b\u044c\u043d\u044b\u043c \u043a\u043e\u043c\u043f\u044c\u044e\u0442\u0435\u0440\u0430\u043c | CILICO Productivity and Performance\"},\"image\":{\"@id\":\"https:\\\/\\\/www.cilico.ru\\\/#\\\/schema\\\/logo\\\/image\\\/\"}}]}<\/script>\n<!-- \/ Yoast SEO plugin. -->","yoast_head_json":{"title":"Smart Health - CILICO | \u041f\u043e\u0440\u0442\u0430\u0442\u0438\u0432\u043d\u044b\u0439 \u0442\u0435\u0440\u043c\u0438\u043d\u0430\u043b, \u0441\u043f\u0435\u0446\u0438\u0430\u043b\u0438\u0441\u0442 \u043f\u043e \u043c\u043e\u0431\u0438\u043b\u044c\u043d\u044b\u043c \u043a\u043e\u043c\u043f\u044c\u044e\u0442\u0435\u0440\u0430\u043c | CILICO","robots":{"index":"index","follow":"follow","max-snippet":"max-snippet:-1","max-image-preview":"max-image-preview:large","max-video-preview":"max-video-preview:-1"},"canonical":"https:\/\/www.cilico.ru\/ru\/\u0443\u043c\u043d\u043e\u0435-\u0437\u0434\u043e\u0440\u043e\u0432\u044c\u0435\/","og_locale":"ru_RU","og_type":"article","og_title":"Ak\u0131ll\u0131 Sa\u011fl\u0131k - CILICO | El Terminali, Mobil Bilgisayar Uzman\u0131 | CILICO","og_description":"Hatane Uygulamas\u0131 30.000 yatak kapasitesine sahip Asya&#8217;n\u0131n ilk b\u00fcy\u00fck \u00f6l\u00e7ekli tek yerle\u015fkesi&#8230; Buraya t\u0131kla Ak\u0131ll\u0131 Sa\u011fl\u0131k Uygulamas\u0131 Bilgi teknolojinin k\u00fcresel geli\u015fimiyle birlikte internet tabanl\u0131 sa\u011fl\u0131k&#8230; Buraya t\u0131kla","og_url":"https:\/\/www.cilico.ru\/ru\/\u0443\u043c\u043d\u043e\u0435-\u0437\u0434\u043e\u0440\u043e\u0432\u044c\u0435\/","og_site_name":"CILICO | El Terminali, Mobil Bilgisayar Uzman\u0131 | CILICO","article_modified_time":"2026-02-05T14:43:43+00:00","og_image":[{"width":640,"height":366,"url":"https:\/\/www.cilico.ru\/wp-content\/uploads\/2025\/09\/be5d9d4638a21a4ca771f778f03bd82a.jpg","type":"image\/jpeg"}],"twitter_card":"summary_large_image","twitter_misc":{"\u041f\u0440\u0438\u043c\u0435\u0440\u043d\u043e\u0435 \u0432\u0440\u0435\u043c\u044f \u0434\u043b\u044f \u0447\u0442\u0435\u043d\u0438\u044f":"1 \u043c\u0438\u043d\u0443\u0442\u0430"},"schema":{"@context":"https:\/\/schema.org","@graph":[{"@type":"WebPage","@id":"https:\/\/www.cilico.ru\/akilli-saglik\/","url":"https:\/\/www.cilico.ru\/akilli-saglik\/","name":"Smart Health - CILICO | \u041f\u043e\u0440\u0442\u0430\u0442\u0438\u0432\u043d\u044b\u0439 \u0442\u0435\u0440\u043c\u0438\u043d\u0430\u043b, \u0441\u043f\u0435\u0446\u0438\u0430\u043b\u0438\u0441\u0442 \u043f\u043e \u043c\u043e\u0431\u0438\u043b\u044c\u043d\u044b\u043c \u043a\u043e\u043c\u043f\u044c\u044e\u0442\u0435\u0440\u0430\u043c | CILICO","isPartOf":{"@id":"https:\/\/www.cilico.ru\/#website"},"primaryImageOfPage":{"@id":"https:\/\/www.cilico.ru\/akilli-saglik\/#primaryimage"},"image":{"@id":"https:\/\/www.cilico.ru\/akilli-saglik\/#primaryimage"},"thumbnailUrl":"https:\/\/www.cilico.ru\/wp-content\/uploads\/2025\/09\/be5d9d4638a21a4ca771f778f03bd82a.jpg","datePublished":"2025-09-15T18:56:04+00:00","dateModified":"2026-02-05T14:43:43+00:00","breadcrumb":{"@id":"https:\/\/www.cilico.ru\/akilli-saglik\/#breadcrumb"},"inLanguage":"ru-RU","potentialAction":[{"@type":"ReadAction","target":["https:\/\/www.cilico.ru\/akilli-saglik\/"]}]},{"@type":"ImageObject","inLanguage":"ru-RU","@id":"https:\/\/www.cilico.ru\/akilli-saglik\/#primaryimage","url":"https:\/\/www.cilico.ru\/wp-content\/uploads\/2025\/09\/be5d9d4638a21a4ca771f778f03bd82a.jpg","contentUrl":"https:\/\/www.cilico.ru\/wp-content\/uploads\/2025\/09\/be5d9d4638a21a4ca771f778f03bd82a.jpg"},{"@type":"BreadcrumbList","@id":"https:\/\/www.cilico.ru\/akilli-saglik\/#breadcrumb","itemListElement":[{"@type":"ListItem","position":1,"name":"Anasayfa","item":"https:\/\/www.cilico.ru\/"},{"@type":"ListItem","position":2,"name":"Ak\u0131ll\u0131 Sa\u011fl\u0131k"}]},{"@type":"WebSite","@id":"https:\/\/www.cilico.ru\/#website","url":"https:\/\/www.cilico.ru\/","name":"CILICO | \u0421\u043f\u0435\u0446\u0438\u0430\u043b\u0438\u0441\u0442 \u043f\u043e \u043f\u043e\u0440\u0442\u0430\u0442\u0438\u0432\u043d\u044b\u043c \u0442\u0435\u0440\u043c\u0438\u043d\u0430\u043b\u0430\u043c, \u043c\u043e\u0431\u0438\u043b\u044c\u043d\u044b\u043c \u043a\u043e\u043c\u043f\u044c\u044e\u0442\u0435\u0440\u0430\u043c | CILICO","description":"","publisher":{"@id":"https:\/\/www.cilico.ru\/#organization"},"potentialAction":[{"@type":"SearchAction","target":{"@type":"EntryPoint","urlTemplate":"https:\/\/www.cilico.ru\/?s={search_term_string}"},"query-input":{"@type":"PropertyValueSpecification","valueRequired":true,"valueName":"search_term_string"}}],"inLanguage":"ru-RU"},{"@type":"Organization","@id":"https:\/\/www.cilico.ru\/#organization","name":"CILICO | Spe\u0446\u0438\u0430\u043b\u0438\u0441\u0442 \u043f\u043e \u043f\u043e\u0440\u0442\u0430\u0442\u0438\u0432\u043d\u044b\u043c \u0442\u0435\u0440\u043c\u0438\u043d\u0430\u043b\u0430\u043c, \u043c\u043e\u0431\u0438\u043b\u044c\u043d\u044b\u043c \u043a\u043e\u043c\u043f\u044c\u044e\u0442\u0435\u0440\u0430\u043c | CILICO Productivity and Performance","url":"https:\/\/www.cilico.ru\/","logo":{"@type":"ImageObject","inLanguage":"ru-RU","@id":"https:\/\/www.cilico.ru\/#\/schema\/logo\/image\/","url":"https:\/\/www.cilico.ru\/wp-content\/uploads\/2025\/09\/cropped-ico.fw_.png","contentUrl":"https:\/\/www.cilico.ru\/wp-content\/uploads\/2025\/09\/cropped-ico.fw_.png","width":512,"height":512,"caption":"CILICO | \u0421\u043f\u0435\u0446\u0438\u0430\u043b\u0438\u0441\u0442 \u043f\u043e \u043f\u043e\u0440\u0442\u0430\u0442\u0438\u0432\u043d\u044b\u043c \u0442\u0435\u0440\u043c\u0438\u043d\u0430\u043b\u0430\u043c, \u043c\u043e\u0431\u0438\u043b\u044c\u043d\u044b\u043c \u043a\u043e\u043c\u043f\u044c\u044e\u0442\u0435\u0440\u0430\u043c | CILICO Productivity and Performance"},"image":{"@id":"https:\/\/www.cilico.ru\/#\/schema\/logo\/image\/"}}]}},"_links":{"self":[{"href":"https:\/\/www.cilico.ru\/ru\/wp-json\/wp\/v2\/pages\/973","targetHints":{"allow":["GET"]}}],"collection":[{"href":"https:\/\/www.cilico.ru\/ru\/wp-json\/wp\/v2\/pages"}],"about":[{"href":"https:\/\/www.cilico.ru\/ru\/wp-json\/wp\/v2\/types\/page"}],"author":[{"embeddable":true,"href":"https:\/\/www.cilico.ru\/ru\/wp-json\/wp\/v2\/users\/1"}],"replies":[{"embeddable":true,"href":"https:\/\/www.cilico.ru\/ru\/wp-json\/wp\/v2\/comments?post=973"}],"version-history":[{"count":21,"href":"https:\/\/www.cilico.ru\/ru\/wp-json\/wp\/v2\/pages\/973\/revisions"}],"predecessor-version":[{"id":5244,"href":"https:\/\/www.cilico.ru\/ru\/wp-json\/wp\/v2\/pages\/973\/revisions\/5244"}],"wp:attachment":[{"href":"https:\/\/www.cilico.ru\/ru\/wp-json\/wp\/v2\/media?parent=973"}],"curies":[{"name":"wp","href":"https:\/\/api.w.org\/{rel}","templated":true}]}}